{"id":88158,"date":"2025-12-02T08:22:45","date_gmt":"2025-12-02T08:22:45","guid":{"rendered":"https:\/\/v2.zingyfood.ch\/contact\/"},"modified":"2026-02-27T13:38:43","modified_gmt":"2026-02-27T13:38:43","slug":"contact","status":"publish","type":"page","link":"https:\/\/zingyfood.ch\/fr\/contact\/","title":{"rendered":"Contact"},"content":{"rendered":"<p>[et_pb_section fb_built=\u00a0\u00bb1&Prime; _builder_version=\u00a0\u00bb4.27.4&Prime; _module_preset=\u00a0\u00bbdefault\u00a0\u00bb custom_margin=\u00a0\u00bb0px||0px||false|false\u00a0\u00bb custom_padding=\u00a0\u00bb0px||0px||false|false\u00a0\u00bb border_width_bottom=\u00a0\u00bb1px\u00a0\u00bb border_color_bottom=\u00a0\u00bbgcid-3a2997c8-5f14-4608-8b52-c3ea6f2d99cb\u00a0\u00bb global_colors_info=\u00a0\u00bb{%22gcid-3a2997c8-5f14-4608-8b52-c3ea6f2d99cb%22:%91%22border_color_bottom%22%93}\u00a0\u00bb][et_pb_row column_structure=\u00a0\u00bb1_2,1_2&Prime; use_custom_gutter=\u00a0\u00bbon\u00a0\u00bb gutter_width=\u00a0\u00bb1&Prime; make_equal=\u00a0\u00bbon\u00a0\u00bb _builder_version=\u00a0\u00bb4.27.4&Prime; _module_preset=\u00a0\u00bbdefault\u00a0\u00bb width=\u00a0\u00bb100%\u00a0\u00bb max_width=\u00a0\u00bb100%\u00a0\u00bb custom_margin=\u00a0\u00bb0px||0px||false|false\u00a0\u00bb custom_padding=\u00a0\u00bb0px||0px||false|false\u00a0\u00bb global_colors_info=\u00a0\u00bb{}\u00a0\u00bb][et_pb_column type=\u00a0\u00bb1_2&Prime; _builder_version=\u00a0\u00bb4.27.4&Prime; _module_preset=\u00a0\u00bbdefault\u00a0\u00bb background_color=\u00a0\u00bbgcid-5dffaee0-3607-443a-baec-01181eed3705&Prime; custom_padding=\u00a0\u00bb27vh|70px|27vh|70px|false|false\u00a0\u00bb custom_padding_tablet=\u00a0\u00bb120px|40px|120px|40px|false|false\u00a0\u00bb custom_padding_phone=\u00a0\u00bb90px|20px|90px|20px|false|false\u00a0\u00bb custom_padding_last_edited=\u00a0\u00bbon|desktop\u00a0\u00bb custom_css_main_element=\u00a0\u00bbtext-align:center;||\u00a0\u00bb global_colors_info=\u00a0\u00bb{%22gcid-5dffaee0-3607-443a-baec-01181eed3705%22:%91%22background_color%22%93}\u00a0\u00bb][et_pb_text _builder_version=\u00a0\u00bb4.27.4&Prime; _module_preset=\u00a0\u00bbdefault\u00a0\u00bb header_4_font=\u00a0\u00bb||||||||\u00a0\u00bb header_4_text_align=\u00a0\u00bbcenter\u00a0\u00bb header_4_text_color=\u00a0\u00bb#FFFFFF\u00a0\u00bb header_4_font_size=\u00a0\u00bb21px\u00a0\u00bb header_4_line_height=\u00a0\u00bb1.2em\u00a0\u00bb custom_margin=\u00a0\u00bb0px||2px||false|false\u00a0\u00bb custom_padding=\u00a0\u00bb0px||0px||false|false\u00a0\u00bb hover_enabled=\u00a0\u00bb0&Prime; global_colors_info=\u00a0\u00bb{}\u00a0\u00bb sticky_enabled=\u00a0\u00bb0&Prime;]<\/p>\n<h4>Restons en contact<\/h4>\n<p>[\/et_pb_text][et_pb_text _builder_version=\u00a0\u00bb4.27.4&Prime; _module_preset=\u00a0\u00bbdefault\u00a0\u00bb header_2_font=\u00a0\u00bbAlbert Sans|||on|||||\u00a0\u00bb header_2_text_align=\u00a0\u00bbcenter\u00a0\u00bb header_2_text_color=\u00a0\u00bb#FFFFFF\u00a0\u00bb header_2_font_size=\u00a0\u00bb41px\u00a0\u00bb header_2_letter_spacing=\u00a0\u00bb0.2em\u00a0\u00bb header_2_line_height=\u00a0\u00bb1.2em\u00a0\u00bb max_width=\u00a0\u00bb400px\u00a0\u00bb module_alignment=\u00a0\u00bbcenter\u00a0\u00bb custom_margin=\u00a0\u00bb0px|10px|2px|20px|false|false\u00a0\u00bb custom_margin_tablet=\u00a0\u00bb0px|10px|2px|20px|false|false\u00a0\u00bb custom_margin_phone=\u00a0\u00bb0px|0px|2px|0px|false|false\u00a0\u00bb custom_margin_last_edited=\u00a0\u00bbon|phone\u00a0\u00bb custom_padding=\u00a0\u00bb0px||0px||false|false\u00a0\u00bb hover_enabled=\u00a0\u00bb0&Prime; header_2_font_size_tablet=\u00a0\u00bb41px\u00a0\u00bb header_2_font_size_phone=\u00a0\u00bb28px\u00a0\u00bb header_2_font_size_last_edited=\u00a0\u00bbon|phone\u00a0\u00bb custom_css_main_element=\u00a0\u00bbdisplay:inline-block;\u00a0\u00bb global_colors_info=\u00a0\u00bb{}\u00a0\u00bb sticky_enabled=\u00a0\u00bb0&Prime;]<\/p>\n<h2 style=\"text-align: center;\">Contactez-nous pour un devis gratuit<\/h2>\n<p>[\/et_pb_text][et_pb_text module_class=\u00a0\u00bbhyphens-text\u00a0\u00bb _builder_version=\u00a0\u00bb4.27.4&Prime; _module_preset=\u00a0\u00bbdefault\u00a0\u00bb text_font=\u00a0\u00bbManrope|300|||||||\u00a0\u00bb text_text_color=\u00a0\u00bb#FFFFFF\u00a0\u00bb text_font_size=\u00a0\u00bb16px\u00a0\u00bb text_line_height=\u00a0\u00bb1.8em\u00a0\u00bb link_text_color=\u00a0\u00bbgcid-64924a52-962b-499d-b820-c8722ec32de4&Prime; text_orientation=\u00a0\u00bbjustified\u00a0\u00bb max_width=\u00a0\u00bb540px\u00a0\u00bb module_alignment=\u00a0\u00bbcenter\u00a0\u00bb custom_margin=\u00a0\u00bb13px||52px||false|false\u00a0\u00bb custom_margin_tablet=\u00a0\u00bb13px||52px||false|false\u00a0\u00bb custom_margin_phone=\u00a0\u00bb13px||40px||false|false\u00a0\u00bb custom_margin_last_edited=\u00a0\u00bbon|phone\u00a0\u00bb custom_padding=\u00a0\u00bb0px||0px||false|false\u00a0\u00bb hover_enabled=\u00a0\u00bb0&Prime; global_colors_info=\u00a0\u00bb{%22gcid-64924a52-962b-499d-b820-c8722ec32de4%22:%91%22link_text_color%22%93}\u00a0\u00bb sticky_enabled=\u00a0\u00bb0&Prime;]<span style=\"color: #ffffff;\">Nous sommes l\u00e0 pour vous aider avec vos commandes, demandes de service traiteur ou toute question concernant notre menu.<\/span><br data-start=\"347\" data-end=\"350\" \/><span style=\"color: #ffffff;\">N\u2019h\u00e9sitez pas \u00e0 nous contacter \u2014 nous r\u00e9pondrons dans les plus brefs d\u00e9lais.<\/span><\/p>\n<p><span style=\"color: #ffffff;\"><strong>Email:\u00a0<\/strong><span id=\"cloak3922650e710bbe5b6ac318f2ee9a3424\"><a href=\"mailto:zingyfood@gmail.com\" style=\"color: #ffffff;\">zingyfood@gmail.com<\/a><\/span><\/span><br \/>\n<span style=\"color: #ffffff;\"><strong>T\u00e9l\u00e9phone\u202f:\u00a0<\/strong><a href=\"tel:+41764838428\" style=\"color: #ffffff;\">+41 (0) 76\u00a0483\u00a084\u00a028<\/a><\/span><\/p>\n<p data-start=\"417\" data-end=\"438\"><span style=\"color: #ffffff;\"><strong data-start=\"421\" data-end=\"436\">Notre adresse\u202f:<br \/>\n<\/strong><a href=\"https:\/\/maps.app.goo.gl\/nXGg5kRtR6FkuupW7\" target=\"_blank\" rel=\"noopener\" style=\"color: #ffffff;\">Chemin de la Mousse 53<\/a><\/span><br data-start=\"461\" data-end=\"464\" \/><span style=\"color: #ffffff;\"><a href=\"https:\/\/maps.app.goo.gl\/nXGg5kRtR6FkuupW7\" target=\"_blank\" rel=\"noopener\" style=\"color: #ffffff;\">1226 Th\u00f4nex, Geneva \u2013 Switzerland<\/a><\/span><\/p>\n<p>[\/et_pb_text][\/et_pb_column][et_pb_column type=\u00a0\u00bb1_2&Prime; _builder_version=\u00a0\u00bb4.27.4&Prime; _module_preset=\u00a0\u00bbdefault\u00a0\u00bb background_color=\u00a0\u00bbgcid-a9d2b26a-d69d-49b0-a9f2-2198f3a203f2&Prime; background_enable_image=\u00a0\u00bboff\u00a0\u00bb custom_padding=\u00a0\u00bb20px|20px|20px|20px|true|true\u00a0\u00bb background_last_edited=\u00a0\u00bbon|tablet\u00a0\u00bb background_enable_image_tablet=\u00a0\u00bboff\u00a0\u00bb custom_css_main_element=\u00a0\u00bbdisplay: flex;||align-items: center;||justify-content: center;||flex-direction: column;\u00a0\u00bb global_colors_info=\u00a0\u00bb{%22gcid-a9d2b26a-d69d-49b0-a9f2-2198f3a203f2%22:%91%22background_color%22%93}\u00a0\u00bb][et_pb_code _builder_version=\u00a0\u00bb4.27.4&Prime; _module_preset=\u00a0\u00bbdefault\u00a0\u00bb global_colors_info=\u00a0\u00bb{}\u00a0\u00bb]\n<div class=\"wpcf7 no-js\" id=\"wpcf7-f88163-o1\" lang=\"fr-FR\" dir=\"ltr\" data-wpcf7-id=\"88163\">\n<div class=\"screen-reader-response\"><p role=\"status\" aria-live=\"polite\" aria-atomic=\"true\"><\/p> <ul><\/ul><\/div>\n<form action=\"\/fr\/wp-json\/wp\/v2\/pages\/88158#wpcf7-f88163-o1\" method=\"post\" class=\"wpcf7-form init\" aria-label=\"Formulaire de contact\" novalidate=\"novalidate\" data-status=\"init\">\n<fieldset class=\"hidden-fields-container\"><input type=\"hidden\" name=\"_wpcf7\" value=\"88163\" \/><input type=\"hidden\" name=\"_wpcf7_version\" value=\"6.1.5\" \/><input type=\"hidden\" name=\"_wpcf7_locale\" value=\"fr_FR\" \/><input type=\"hidden\" name=\"_wpcf7_unit_tag\" value=\"wpcf7-f88163-o1\" \/><input type=\"hidden\" name=\"_wpcf7_container_post\" value=\"0\" \/><input type=\"hidden\" name=\"_wpcf7_posted_data_hash\" value=\"\" \/>\n<\/fieldset>\n<div class=\"contact-form\">\n\t<div class=\"form-col\">\n\t\t<div class=\"form-col-item\">\n\t\t\t<p><label> Pr\u00e9nom<br \/>\n<span class=\"wpcf7-form-control-wrap\" data-name=\"first-name\"><input size=\"40\" maxlength=\"400\" class=\"wpcf7-form-control wpcf7-text wpcf7-validates-as-required\" autocomplete=\"first-name\" aria-required=\"true\" aria-invalid=\"false\" value=\"\" type=\"text\" name=\"first-name\" \/><\/span> <\/label>\n\t\t\t<\/p>\n\t\t<\/div>\n\t\t<div class=\"form-col-item\">\n\t\t\t<p><label> Nom<br \/>\n<span class=\"wpcf7-form-control-wrap\" data-name=\"last-name\"><input size=\"40\" maxlength=\"400\" class=\"wpcf7-form-control wpcf7-text wpcf7-validates-as-required\" autocomplete=\"last-name\" aria-required=\"true\" aria-invalid=\"false\" value=\"\" type=\"text\" name=\"last-name\" \/><\/span> <\/label>\n\t\t\t<\/p>\n\t\t<\/div>\n\t<\/div>\n\t<div class=\"form-col\">\n\t\t<div class=\"form-col-item\">\n\t\t\t<p><label> Email<br \/>\n<span class=\"wpcf7-form-control-wrap\" data-name=\"email\"><input size=\"40\" maxlength=\"400\" class=\"wpcf7-form-control wpcf7-email wpcf7-validates-as-required wpcf7-text wpcf7-validates-as-email\" autocomplete=\"email\" aria-required=\"true\" aria-invalid=\"false\" value=\"\" type=\"email\" name=\"email\" \/><\/span> <\/label>\n\t\t\t<\/p>\n\t\t<\/div>\n\t\t<div class=\"form-col-item\">\n\t\t\t<p><label> T\u00e9l\u00e9phone<br \/>\n<span class=\"wpcf7-form-control-wrap\" data-name=\"phone\"><input size=\"40\" maxlength=\"400\" class=\"wpcf7-form-control wpcf7-tel wpcf7-text wpcf7-validates-as-tel\" autocomplete=\"tel\" aria-invalid=\"false\" value=\"\" type=\"tel\" name=\"phone\" \/><\/span> <\/label>\n\t\t\t<\/p>\n\t\t<\/div>\n\t<\/div>\n\t<p><label> Adresse<br \/>\n<span class=\"wpcf7-form-control-wrap\" data-name=\"address\"><input size=\"40\" maxlength=\"400\" class=\"wpcf7-form-control wpcf7-text wpcf7-validates-as-required\" autocomplete=\"street-address\" aria-required=\"true\" aria-invalid=\"false\" value=\"\" type=\"text\" name=\"address\" \/><\/span> <\/label>\n\t<\/p>\n\t<div class=\"form-col\">\n\t\t<div class=\"form-col-item\">\n\t\t\t<p><label> Type d\u2019\u00e9v\u00e9nement\u202f:<\/label><br \/>\n<span class=\"wpcf7-form-control-wrap\" data-name=\"type-event\"><span class=\"wpcf7-form-control wpcf7-radio\"><span class=\"wpcf7-list-item first\"><label><input type=\"radio\" name=\"type-event\" value=\"\u00c9v\u00e9nement professionnel\" \/><span class=\"wpcf7-list-item-label\">\u00c9v\u00e9nement professionnel<\/span><\/label><\/span><span class=\"wpcf7-list-item last\"><label><input type=\"radio\" name=\"type-event\" value=\"\u00c9v\u00e9nement priv\u00e9\" \/><span class=\"wpcf7-list-item-label\">\u00c9v\u00e9nement priv\u00e9<\/span><\/label><\/span><\/span><\/span>\n\t\t\t<\/p>\n\t\t<\/div>\n\t\t<div class=\"form-col-item\">\n\t\t\t<p><label> Le menu doit \u00eatre\u202f:<\/label><br \/>\n<span class=\"wpcf7-form-control-wrap\" data-name=\"type-menu\"><span class=\"wpcf7-form-control wpcf7-checkbox\"><span class=\"wpcf7-list-item first\"><label><input type=\"checkbox\" name=\"type-menu[]\" value=\"Sans gluten\" \/><span class=\"wpcf7-list-item-label\">Sans gluten<\/span><\/label><\/span><span class=\"wpcf7-list-item\"><label><input type=\"checkbox\" name=\"type-menu[]\" value=\"V\u00e9g\u00e9tarien\" \/><span class=\"wpcf7-list-item-label\">V\u00e9g\u00e9tarien<\/span><\/label><\/span><span class=\"wpcf7-list-item\"><label><input type=\"checkbox\" name=\"type-menu[]\" value=\"V\u00e9gan\" \/><span class=\"wpcf7-list-item-label\">V\u00e9gan<\/span><\/label><\/span><span class=\"wpcf7-list-item last\"><label><input type=\"checkbox\" name=\"type-menu[]\" value=\"Avec viande\" \/><span class=\"wpcf7-list-item-label\">Avec viande<\/span><\/label><\/span><\/span><\/span>\n\t\t\t<\/p>\n\t\t<\/div>\n\t<\/div>\n\t<p><label> Nombre de participants (adultes + enfants)<br \/>\n<span class=\"wpcf7-form-control-wrap\" data-name=\"number-people\"><input class=\"wpcf7-form-control wpcf7-number wpcf7-validates-as-required wpcf7-validates-as-number\" min=\"0\" aria-required=\"true\" aria-invalid=\"false\" value=\"\" type=\"number\" name=\"number-people\" \/><\/span><\/label>\n\t<\/p>\n\t<p><label> Date de l\u2019\u00e9v\u00e9nement\u202f:<br \/>\n<span class=\"wpcf7-form-control-wrap\" data-name=\"event-date\"><input class=\"wpcf7-form-control wpcf7-date wpcf7-validates-as-date\" min=\"2026-01-01\" aria-invalid=\"false\" value=\"\" type=\"date\" name=\"event-date\" \/><\/span><\/label>\n\t<\/p>\n\t<p><label> D\u00e9tails suppl\u00e9mentaires<br \/>\n<span class=\"wpcf7-form-control-wrap\" data-name=\"details\"><textarea cols=\"40\" rows=\"10\" maxlength=\"2000\" class=\"wpcf7-form-control wpcf7-textarea\" aria-invalid=\"false\" name=\"details\">Merci de fournir plus de pr\u00e9cisions.<\/textarea><\/span><\/label>\n\t<\/p>\n\t<p><input class=\"wpcf7-form-control wpcf7-submit has-spinner\" type=\"submit\" value=\"Envoyer\" \/>\n\t<\/p>\n<\/div><div class=\"wpcf7-response-output\" aria-hidden=\"true\"><\/div>\n<\/form>\n<\/div>\n[\/et_pb_code][\/et_pb_column][\/et_pb_row][\/et_pb_section]<\/p>\n","protected":false},"excerpt":{"rendered":"<p>Restons en contactContactez-nous pour un devis gratuitNous sommes l\u00e0 pour vous aider avec vos commandes, demandes de service traiteur ou toute question concernant notre menu.N\u2019h\u00e9sitez pas \u00e0 nous contacter \u2014 nous r\u00e9pondrons dans les plus brefs d\u00e9lais. Email:\u00a0zingyfood@gmail.com T\u00e9l\u00e9phone\u202f:\u00a0+41 (0) 76\u00a0483\u00a084\u00a028 Notre adresse\u202f: Chemin de la Mousse 531226 Th\u00f4nex, Geneva \u2013 Switzerland<p class=\"wpcf7-contact-form-not-found\"><strong>Erreur\u00a0:<\/strong> Formulaire de contact non trouv\u00e9\u00a0!<\/p><\/p>\n","protected":false},"author":1,"featured_media":0,"parent":0,"menu_order":0,"comment_status":"closed","ping_status":"closed","template":"","meta":{"_et_pb_use_builder":"on","_et_pb_old_content":"<!-- wp:divi\/placeholder \/-->","_et_gb_content_width":"","footnotes":""},"class_list":["post-88158","page","type-page","status-publish","hentry"],"_links":{"self":[{"href":"https:\/\/zingyfood.ch\/fr\/wp-json\/wp\/v2\/pages\/88158","targetHints":{"allow":["GET"]}}],"collection":[{"href":"https:\/\/zingyfood.ch\/fr\/wp-json\/wp\/v2\/pages"}],"about":[{"href":"https:\/\/zingyfood.ch\/fr\/wp-json\/wp\/v2\/types\/page"}],"author":[{"embeddable":true,"href":"https:\/\/zingyfood.ch\/fr\/wp-json\/wp\/v2\/users\/1"}],"replies":[{"embeddable":true,"href":"https:\/\/zingyfood.ch\/fr\/wp-json\/wp\/v2\/comments?post=88158"}],"version-history":[{"count":2,"href":"https:\/\/zingyfood.ch\/fr\/wp-json\/wp\/v2\/pages\/88158\/revisions"}],"predecessor-version":[{"id":88161,"href":"https:\/\/zingyfood.ch\/fr\/wp-json\/wp\/v2\/pages\/88158\/revisions\/88161"}],"wp:attachment":[{"href":"https:\/\/zingyfood.ch\/fr\/wp-json\/wp\/v2\/media?parent=88158"}],"curies":[{"name":"wp","href":"https:\/\/api.w.org\/{rel}","templated":true}]}}